{"id":19710,"date":"2022-05-27T08:44:33","date_gmt":"2022-05-27T08:44:33","guid":{"rendered":"https:\/\/corporacionarrozlaguna.com\/?page_id=19710"},"modified":"2022-05-27T13:05:57","modified_gmt":"2022-05-27T13:05:57","slug":"rice","status":"publish","type":"page","link":"https:\/\/corporacionarrozlaguna.com\/es\/rice\/","title":{"rendered":"Arroz"},"content":{"rendered":"<div data-elementor-type=\"wp-page\" data-elementor-id=\"19710\" class=\"elementor elementor-19710\">\n\t\t\t\t\t\t<div class=\"elementor-inner\">\n\t\t\t\t<div class=\"elementor-section-wrap\">\n\t\t\t\t\t\t\t\t\t<section class=\"elementor-section elementor-top-section elementor-element elementor-element-960f02d elementor-section-stretched elementor-section-content-top elementor-section-boxed elementor-section-height-default elementor-section-height-default\" data-id=\"960f02d\" data-element_type=\"section\" data-settings=\"{&quot;stretch_section&quot;:&quot;section-stretched&quot;,&quot;background_background&quot;:&quot;classic&quot;}\">\n\t\t\t\t\t\t<div class=\"elementor-container elementor-column-gap-extended\">\n\t\t\t\t\t\t\t<div class=\"elementor-row\">\n\t\t\t\t\t<div class=\"elementor-column elementor-col-33 elementor-top-column elementor-element elementor-element-980fd09\" data-id=\"980fd09\" data-element_type=\"column\">\n\t\t\t<div class=\"elementor-column-wrap elementor-element-populated\">\n\t\t\t\t\t\t\t<div class=\"elementor-widget-wrap\">\n\t\t\t\t\t\t<div class=\"elementor-element elementor-element-ffacb3e elementor-widget elementor-widget-agrarium_heading\" data-id=\"ffacb3e\" data-element_type=\"widget\" data-widget_type=\"agrarium_heading.default\">\n\t\t\t\t<div class=\"elementor-widget-container\">\n\t\t\t<div class=\"agrarium-heading-widget\"><h2 class=\"agrarium-heading\"><span class=\"agrarium-subheading\">Nuestros cultivos<\/span><span class=\"agrarium-heading-content\">Arroz<\/span><\/h2><\/div>\t\t<\/div>\n\t\t\t\t<\/div>\n\t\t\t\t<div class=\"elementor-element elementor-element-dc2e157 elementor-widget elementor-widget-text-editor\" data-id=\"dc2e157\" data-element_type=\"widget\" data-widget_type=\"text-editor.default\">\n\t\t\t\t<div class=\"elementor-widget-container\">\n\t\t\t<style>\/*! elementor - v3.6.6 - 15-06-2022 *\/\n.elementor-widget-text-editor.elementor-drop-cap-view-stacked .elementor-drop-cap{background-color:#818a91;color:#fff}.elementor-widget-text-editor.elementor-drop-cap-view-framed .elementor-drop-cap{color:#818a91;border:3px solid;background-color:transparent}.elementor-widget-text-editor:not(.elementor-drop-cap-view-default) .elementor-drop-cap{margin-top:8px}.elementor-widget-text-editor:not(.elementor-drop-cap-view-default) .elementor-drop-cap-letter{width:1em;height:1em}.elementor-widget-text-editor .elementor-drop-cap{float:left;text-align:center;line-height:1;font-size:50px}.elementor-widget-text-editor .elementor-drop-cap-letter{display:inline-block}<\/style>\t\t\t\t\t<div class=\"elementor-text-editor elementor-clearfix\">\n\t\t\t\t<p>El arroz es uno de los cereales m\u00e1s vers\u00e1tiles en el mundo. Es tambi\u00e9n el grano menos alerg\u00e9nico, lo que es extremadamente importante para una gran parte de la poblaci\u00f3n. Su uso es casi ilimitado, funciona perfectamente como adici\u00f3n para aperitivos, platos Fuertes y postres.la multitude de variedades y sus propiedades hace del arroz un componente b\u00e1sico de la dieta de m\u00e1s de la mitad de la poblaci\u00f3n del planeta.<\/p><p>Trabajo duro y a\u00f1os de estudios nos han permitido obtener el mayor resultado de la producci\u00f3n de arroz. Han sido apreciado por nuestros clientes, quienes aprecian la alta calidad y sabor \u00fanico.<\/p><p>Creemos que al operar en armon\u00eda con la naturaleza, somos capaces de obtener lo mejor de ella. Pues, nuestra prioridad es actuar en el marco de desarrollo sostenible.<\/p>\t\t\t\t\t<\/div>\n\t\t\t\t\t\t<\/div>\n\t\t\t\t<\/div>\n\t\t\t\t\t\t<\/div>\n\t\t\t\t\t<\/div>\n\t\t<\/div>\n\t\t\t\t<div class=\"elementor-column elementor-col-33 elementor-top-column elementor-element elementor-element-33dcce2 elementor-hidden-tablet elementor-hidden-mobile\" data-id=\"33dcce2\" data-element_type=\"column\">\n\t\t\t<div class=\"elementor-column-wrap\">\n\t\t\t\t\t\t\t<div class=\"elementor-widget-wrap\">\n\t\t\t\t\t\t\t\t<\/div>\n\t\t\t\t\t<\/div>\n\t\t<\/div>\n\t\t\t\t<div class=\"elementor-column elementor-col-33 elementor-top-column elementor-element elementor-element-4b2e214\" data-id=\"4b2e214\" data-element_type=\"column\">\n\t\t\t<div class=\"elementor-column-wrap elementor-element-populated\">\n\t\t\t\t\t\t\t<div class=\"elementor-widget-wrap\">\n\t\t\t\t\t\t<div class=\"elementor-element elementor-element-ed4ee32 elementor-widget__width-auto scroll-motion-no elementor-invisible elementor-widget elementor-widget-image\" data-id=\"ed4ee32\" data-element_type=\"widget\" data-settings=\"{&quot;_animation&quot;:&quot;ta_under_strips&quot;,&quot;_animation_laptop&quot;:&quot;none&quot;}\" data-widget_type=\"image.default\">\n\t\t\t\t<div class=\"elementor-widget-container\">\n\t\t\t<style>\/*! elementor - v3.6.6 - 15-06-2022 *\/\n.elementor-widget-image{text-align:center}.elementor-widget-image a{display:inline-block}.elementor-widget-image a img[src$=\".svg\"]{width:48px}.elementor-widget-image img{vertical-align:middle;display:inline-block}<\/style>\t\t\t\t\t<div class=\"elementor-image\">\n\t\t\t\t\t\t\t\t\t\t\t\t<img decoding=\"async\" width=\"544\" height=\"628\" src=\"https:\/\/corporacionarrozlaguna.com\/wp-content\/uploads\/2022\/05\/rice-cultivation-dominicana.jpg\" class=\"attachment-full size-full\" alt=\"\" loading=\"lazy\" srcset=\"https:\/\/corporacionarrozlaguna.com\/wp-content\/uploads\/2022\/05\/rice-cultivation-dominicana.jpg 544w, https:\/\/corporacionarrozlaguna.com\/wp-content\/uploads\/2022\/05\/rice-cultivation-dominicana-260x300.jpg 260w\" sizes=\"(max-width: 544px) 100vw, 544px\" \/>\t\t\t\t\t\t\t\t\t\t\t\t\t\t<\/div>\n\t\t\t\t\t\t<\/div>\n\t\t\t\t<\/div>\n\t\t\t\t<div class=\"elementor-element elementor-element-fa442ab elementor-hidden-phone scroll-motion-no elementor-widget elementor-widget-agrarium_image\" data-id=\"fa442ab\" data-element_type=\"widget\" data-widget_type=\"agrarium_image.default\">\n\t\t\t\t<div class=\"elementor-widget-container\">\n\t\t\t        <div class=\"image-widget\">\n            <div class=\"image-container image-style-default\">\n                <img decoding=\"async\" class=\"main-image\" src=\"https:\/\/corporacionarrozlaguna.com\/wp-content\/uploads\/2022\/02\/rice-grown-yellow.png\" alt=\"\" \/>\n                            <\/div>\n        <\/div>\n        \t\t<\/div>\n\t\t\t\t<\/div>\n\t\t\t\t\t\t<\/div>\n\t\t\t\t\t<\/div>\n\t\t<\/div>\n\t\t\t\t\t\t\t\t<\/div>\n\t\t\t\t\t<\/div>\n\t\t<\/section>\n\t\t\t\t<section class=\"elementor-section elementor-top-section elementor-element elementor-element-1708cdb elementor-section-boxed elementor-section-height-default elementor-section-height-default\" data-id=\"1708cdb\" data-element_type=\"section\">\n\t\t\t\t\t\t<div class=\"elementor-container elementor-column-gap-default\">\n\t\t\t\t\t\t\t<div class=\"elementor-row\">\n\t\t\t\t\t<div class=\"elementor-column elementor-col-100 elementor-top-column elementor-element elementor-element-70bccbe\" data-id=\"70bccbe\" data-element_type=\"column\">\n\t\t\t<div class=\"elementor-column-wrap\">\n\t\t\t\t\t\t\t<div class=\"elementor-widget-wrap\">\n\t\t\t\t\t\t\t\t<\/div>\n\t\t\t\t\t<\/div>\n\t\t<\/div>\n\t\t\t\t\t\t\t\t<\/div>\n\t\t\t\t\t<\/div>\n\t\t<\/section>\n\t\t\t\t\t\t\t\t\t<\/div>\n\t\t\t<\/div>\n\t\t\t\t\t<\/div>","protected":false},"excerpt":{"rendered":"<p>Rice is one of the most versatile cereals in the world. It is also the least allergenic grain, which is extremely important for a large part of the population. Its usage is almost unlimited. It works perfectly as an addition to&#8230;<\/p>","protected":false},"author":1,"featured_media":0,"parent":0,"menu_order":0,"comment_status":"closed","ping_status":"closed","template":"","meta":[],"_links":{"self":[{"href":"https:\/\/corporacionarrozlaguna.com\/es\/wp-json\/wp\/v2\/pages\/19710"}],"collection":[{"href":"https:\/\/corporacionarrozlaguna.com\/es\/wp-json\/wp\/v2\/pages"}],"about":[{"href":"https:\/\/corporacionarrozlaguna.com\/es\/wp-json\/wp\/v2\/types\/page"}],"author":[{"embeddable":true,"href":"https:\/\/corporacionarrozlaguna.com\/es\/wp-json\/wp\/v2\/users\/1"}],"replies":[{"embeddable":true,"href":"https:\/\/corporacionarrozlaguna.com\/es\/wp-json\/wp\/v2\/comments?post=19710"}],"version-history":[{"count":10,"href":"https:\/\/corporacionarrozlaguna.com\/es\/wp-json\/wp\/v2\/pages\/19710\/revisions"}],"predecessor-version":[{"id":19844,"href":"https:\/\/corporacionarrozlaguna.com\/es\/wp-json\/wp\/v2\/pages\/19710\/revisions\/19844"}],"wp:attachment":[{"href":"https:\/\/corporacionarrozlaguna.com\/es\/wp-json\/wp\/v2\/media?parent=19710"}],"curies":[{"name":"wp","href":"https:\/\/api.w.org\/{rel}","templated":true}]}}