{"id":19692,"date":"2022-05-27T08:36:52","date_gmt":"2022-05-27T08:36:52","guid":{"rendered":"https:\/\/corporacionarrozlaguna.com\/?page_id=19692"},"modified":"2022-05-27T13:06:01","modified_gmt":"2022-05-27T13:06:01","slug":"cacao","status":"publish","type":"page","link":"https:\/\/corporacionarrozlaguna.com\/es\/cacao\/","title":{"rendered":"Cocoa"},"content":{"rendered":"<div data-elementor-type=\"wp-page\" data-elementor-id=\"19692\" class=\"elementor elementor-19692\">\n\t\t\t\t\t\t<div class=\"elementor-inner\">\n\t\t\t\t<div class=\"elementor-section-wrap\">\n\t\t\t\t\t\t\t\t\t<section class=\"elementor-section elementor-top-section elementor-element elementor-element-d455b56 elementor-section-stretched elementor-section-content-top elementor-section-boxed elementor-section-height-default elementor-section-height-default\" data-id=\"d455b56\" data-element_type=\"section\" data-settings=\"{&quot;stretch_section&quot;:&quot;section-stretched&quot;,&quot;background_background&quot;:&quot;classic&quot;}\">\n\t\t\t\t\t\t<div class=\"elementor-container elementor-column-gap-extended\">\n\t\t\t\t\t\t\t<div class=\"elementor-row\">\n\t\t\t\t\t<div class=\"elementor-column elementor-col-33 elementor-top-column elementor-element elementor-element-15f3c64\" data-id=\"15f3c64\" data-element_type=\"column\">\n\t\t\t<div class=\"elementor-column-wrap elementor-element-populated\">\n\t\t\t\t\t\t\t<div class=\"elementor-widget-wrap\">\n\t\t\t\t\t\t<div class=\"elementor-element elementor-element-33a6bbe elementor-widget elementor-widget-agrarium_heading\" data-id=\"33a6bbe\" data-element_type=\"widget\" data-widget_type=\"agrarium_heading.default\">\n\t\t\t\t<div class=\"elementor-widget-container\">\n\t\t\t<div class=\"agrarium-heading-widget\"><h2 class=\"agrarium-heading\"><span class=\"agrarium-subheading\">Nuestros cultivos<\/span><span class=\"agrarium-heading-content\">Cocoa<\/span><\/h2><\/div>\t\t<\/div>\n\t\t\t\t<\/div>\n\t\t\t\t<div class=\"elementor-element elementor-element-0cc3e25 elementor-widget elementor-widget-text-editor\" data-id=\"0cc3e25\" data-element_type=\"widget\" data-widget_type=\"text-editor.default\">\n\t\t\t\t<div class=\"elementor-widget-container\">\n\t\t\t<style>\/*! elementor - v3.6.6 - 15-06-2022 *\/\n.elementor-widget-text-editor.elementor-drop-cap-view-stacked .elementor-drop-cap{background-color:#818a91;color:#fff}.elementor-widget-text-editor.elementor-drop-cap-view-framed .elementor-drop-cap{color:#818a91;border:3px solid;background-color:transparent}.elementor-widget-text-editor:not(.elementor-drop-cap-view-default) .elementor-drop-cap{margin-top:8px}.elementor-widget-text-editor:not(.elementor-drop-cap-view-default) .elementor-drop-cap-letter{width:1em;height:1em}.elementor-widget-text-editor .elementor-drop-cap{float:left;text-align:center;line-height:1;font-size:50px}.elementor-widget-text-editor .elementor-drop-cap-letter{display:inline-block}<\/style>\t\t\t\t\t<div class=\"elementor-text-editor elementor-clearfix\">\n\t\t\t\t<p>Los granos de cocoa han sido valorados y utilizado por miles de a\u00f1os. Su m\u00e1s alto valor puede ser probado por el hecho que en el pasado este fue incluso usado como un medio de pago. En el mundo de hoy, la apreciaci\u00f3n de la cocoa y sus productos derivados no han menguado. Por otra parte, el conocimiento del cultivo de la cocoa y sus productos est\u00e1 creciendo, tambi\u00e9n como la necesidad de cuidar el medio ambiente.<\/p><p>Entendemos las necesidades y expectativas de nuestros clientes, en eso est\u00e1n basadas nuestras reglas estrictas y constante control de calidad.\u00a0<span style=\"letter-spacing: 0em;\">La producci\u00f3n de granos de cocoa est\u00e1 demandando actividad. Nuestros a\u00f1os de experiencia en este campo y acceso a los suelos f\u00e9rtiles y excelente clima nos pemiten obtener lo mejor de la naturaleza. Los granos cultivados por nosotros son apreciados por nuestros clientes por su \u00fanico sabor y alta calidad.<\/span><\/p><p>Creemos en el poder de la generosidad de la naturaleza. Por tanto, en nuestros cultivos, nos\nbasamos en los principios de desarrollo sostenible. Esto nos permite proteger el medio ambiente, mientras nos aseguramos de la m\u00e1s alta calidad de nuestras cosechas.<\/p>\t\t\t\t\t<\/div>\n\t\t\t\t\t\t<\/div>\n\t\t\t\t<\/div>\n\t\t\t\t\t\t<\/div>\n\t\t\t\t\t<\/div>\n\t\t<\/div>\n\t\t\t\t<div class=\"elementor-column elementor-col-33 elementor-top-column elementor-element elementor-element-889ee20 elementor-hidden-tablet elementor-hidden-mobile\" data-id=\"889ee20\" data-element_type=\"column\">\n\t\t\t<div class=\"elementor-column-wrap\">\n\t\t\t\t\t\t\t<div class=\"elementor-widget-wrap\">\n\t\t\t\t\t\t\t\t<\/div>\n\t\t\t\t\t<\/div>\n\t\t<\/div>\n\t\t\t\t<div class=\"elementor-column elementor-col-33 elementor-top-column elementor-element elementor-element-83906f5\" data-id=\"83906f5\" data-element_type=\"column\">\n\t\t\t<div class=\"elementor-column-wrap elementor-element-populated\">\n\t\t\t\t\t\t\t<div class=\"elementor-widget-wrap\">\n\t\t\t\t\t\t<div class=\"elementor-element elementor-element-52baaab elementor-widget__width-auto scroll-motion-no elementor-invisible elementor-widget elementor-widget-image\" data-id=\"52baaab\" data-element_type=\"widget\" data-settings=\"{&quot;_animation&quot;:&quot;ta_under_strips&quot;,&quot;_animation_laptop&quot;:&quot;none&quot;}\" data-widget_type=\"image.default\">\n\t\t\t\t<div class=\"elementor-widget-container\">\n\t\t\t<style>\/*! elementor - v3.6.6 - 15-06-2022 *\/\n.elementor-widget-image{text-align:center}.elementor-widget-image a{display:inline-block}.elementor-widget-image a img[src$=\".svg\"]{width:48px}.elementor-widget-image img{vertical-align:middle;display:inline-block}<\/style>\t\t\t\t\t<div class=\"elementor-image\">\n\t\t\t\t\t\t\t\t\t\t\t\t<img decoding=\"async\" width=\"544\" height=\"628\" src=\"https:\/\/corporacionarrozlaguna.com\/wp-content\/uploads\/2022\/02\/work-with-natura1.png\" class=\"attachment-full size-full\" alt=\"\" loading=\"lazy\" \/>\t\t\t\t\t\t\t\t\t\t\t\t\t\t<\/div>\n\t\t\t\t\t\t<\/div>\n\t\t\t\t<\/div>\n\t\t\t\t<div class=\"elementor-element elementor-element-049165a elementor-hidden-phone scroll-motion-no elementor-widget elementor-widget-agrarium_image\" data-id=\"049165a\" data-element_type=\"widget\" data-widget_type=\"agrarium_image.default\">\n\t\t\t\t<div class=\"elementor-widget-container\">\n\t\t\t        <div class=\"image-widget\">\n            <div class=\"image-container image-style-default\">\n                <img decoding=\"async\" class=\"main-image\" src=\"https:\/\/corporacionarrozlaguna.com\/wp-content\/uploads\/2022\/02\/cacao-seedspng-yellow.png\" alt=\"\" \/>\n                            <\/div>\n        <\/div>\n        \t\t<\/div>\n\t\t\t\t<\/div>\n\t\t\t\t\t\t<\/div>\n\t\t\t\t\t<\/div>\n\t\t<\/div>\n\t\t\t\t\t\t\t\t<\/div>\n\t\t\t\t\t<\/div>\n\t\t<\/section>\n\t\t\t\t<section class=\"elementor-section elementor-top-section elementor-element elementor-element-45a6819 elementor-section-boxed elementor-section-height-default elementor-section-height-default\" data-id=\"45a6819\" data-element_type=\"section\">\n\t\t\t\t\t\t<div class=\"elementor-container elementor-column-gap-default\">\n\t\t\t\t\t\t\t<div class=\"elementor-row\">\n\t\t\t\t\t<div class=\"elementor-column elementor-col-100 elementor-top-column elementor-element elementor-element-ff1942e\" data-id=\"ff1942e\" data-element_type=\"column\">\n\t\t\t<div class=\"elementor-column-wrap\">\n\t\t\t\t\t\t\t<div class=\"elementor-widget-wrap\">\n\t\t\t\t\t\t\t\t<\/div>\n\t\t\t\t\t<\/div>\n\t\t<\/div>\n\t\t\t\t\t\t\t\t<\/div>\n\t\t\t\t\t<\/div>\n\t\t<\/section>\n\t\t\t\t\t\t\t\t\t<\/div>\n\t\t\t<\/div>\n\t\t\t\t\t<\/div>","protected":false},"excerpt":{"rendered":"<p>Cocoa beans have been used and valued by people for thousands of years. Its high value can be proved by the fact that in the past it was even used as a means of payment. In today&#8217;s world the appreciation of&#8230;<\/p>","protected":false},"author":1,"featured_media":0,"parent":0,"menu_order":0,"comment_status":"closed","ping_status":"closed","template":"","meta":[],"_links":{"self":[{"href":"https:\/\/corporacionarrozlaguna.com\/es\/wp-json\/wp\/v2\/pages\/19692"}],"collection":[{"href":"https:\/\/corporacionarrozlaguna.com\/es\/wp-json\/wp\/v2\/pages"}],"about":[{"href":"https:\/\/corporacionarrozlaguna.com\/es\/wp-json\/wp\/v2\/types\/page"}],"author":[{"embeddable":true,"href":"https:\/\/corporacionarrozlaguna.com\/es\/wp-json\/wp\/v2\/users\/1"}],"replies":[{"embeddable":true,"href":"https:\/\/corporacionarrozlaguna.com\/es\/wp-json\/wp\/v2\/comments?post=19692"}],"version-history":[{"count":10,"href":"https:\/\/corporacionarrozlaguna.com\/es\/wp-json\/wp\/v2\/pages\/19692\/revisions"}],"predecessor-version":[{"id":19847,"href":"https:\/\/corporacionarrozlaguna.com\/es\/wp-json\/wp\/v2\/pages\/19692\/revisions\/19847"}],"wp:attachment":[{"href":"https:\/\/corporacionarrozlaguna.com\/es\/wp-json\/wp\/v2\/media?parent=19692"}],"curies":[{"name":"wp","href":"https:\/\/api.w.org\/{rel}","templated":true}]}}