{"id":19661,"date":"2022-05-27T07:50:03","date_gmt":"2022-05-27T07:50:03","guid":{"rendered":"https:\/\/corporacionarrozlaguna.com\/?page_id=19661"},"modified":"2022-06-24T11:30:42","modified_gmt":"2022-06-24T11:30:42","slug":"about-us","status":"publish","type":"page","link":"https:\/\/corporacionarrozlaguna.com\/es\/about-us\/","title":{"rendered":"About Us"},"content":{"rendered":"<div data-elementor-type=\"wp-page\" data-elementor-id=\"19661\" class=\"elementor elementor-19661\">\n\t\t\t\t\t\t<div class=\"elementor-inner\">\n\t\t\t\t<div class=\"elementor-section-wrap\">\n\t\t\t\t\t\t\t\t\t<section class=\"elementor-section elementor-top-section elementor-element elementor-element-9b48785 elementor-section-stretched elementor-section-content-top elementor-section-boxed elementor-section-height-default elementor-section-height-default\" data-id=\"9b48785\" data-element_type=\"section\" data-settings=\"{&quot;stretch_section&quot;:&quot;section-stretched&quot;,&quot;background_background&quot;:&quot;classic&quot;}\">\n\t\t\t\t\t\t<div class=\"elementor-container elementor-column-gap-extended\">\n\t\t\t\t\t\t\t<div class=\"elementor-row\">\n\t\t\t\t\t<div class=\"elementor-column elementor-col-33 elementor-top-column elementor-element elementor-element-20a5f71\" data-id=\"20a5f71\" data-element_type=\"column\">\n\t\t\t<div class=\"elementor-column-wrap elementor-element-populated\">\n\t\t\t\t\t\t\t<div class=\"elementor-widget-wrap\">\n\t\t\t\t\t\t<div class=\"elementor-element elementor-element-e7418ab elementor-widget__width-auto scroll-motion-no elementor-invisible elementor-widget elementor-widget-image\" data-id=\"e7418ab\" data-element_type=\"widget\" data-settings=\"{&quot;_animation&quot;:&quot;ta_under_strips&quot;,&quot;_animation_laptop&quot;:&quot;none&quot;}\" data-widget_type=\"image.default\">\n\t\t\t\t<div class=\"elementor-widget-container\">\n\t\t\t<style>\/*! elementor - v3.6.6 - 15-06-2022 *\/\n.elementor-widget-image{text-align:center}.elementor-widget-image a{display:inline-block}.elementor-widget-image a img[src$=\".svg\"]{width:48px}.elementor-widget-image img{vertical-align:middle;display:inline-block}<\/style>\t\t\t\t\t<div class=\"elementor-image\">\n\t\t\t\t\t\t\t\t\t\t\t\t<img decoding=\"async\" width=\"544\" height=\"628\" src=\"https:\/\/corporacionarrozlaguna.com\/wp-content\/uploads\/2022\/05\/rice-cultivation-dominicana-3.jpg\" class=\"attachment-full size-full\" alt=\"\" loading=\"lazy\" srcset=\"https:\/\/corporacionarrozlaguna.com\/wp-content\/uploads\/2022\/05\/rice-cultivation-dominicana-3.jpg 544w, https:\/\/corporacionarrozlaguna.com\/wp-content\/uploads\/2022\/05\/rice-cultivation-dominicana-3-260x300.jpg 260w\" sizes=\"(max-width: 544px) 100vw, 544px\" \/>\t\t\t\t\t\t\t\t\t\t\t\t\t\t<\/div>\n\t\t\t\t\t\t<\/div>\n\t\t\t\t<\/div>\n\t\t\t\t<div class=\"elementor-element elementor-element-84478c8 elementor-hidden-phone scroll-motion-no elementor-widget elementor-widget-agrarium_image\" data-id=\"84478c8\" data-element_type=\"widget\" data-widget_type=\"agrarium_image.default\">\n\t\t\t\t<div class=\"elementor-widget-container\">\n\t\t\t        <div class=\"image-widget\">\n            <div class=\"image-container image-style-default\">\n                <img decoding=\"async\" class=\"main-image\" src=\"https:\/\/corporacionarrozlaguna.com\/wp-content\/uploads\/2022\/05\/rice-sids-2.png\" alt=\"\" \/>\n                            <\/div>\n        <\/div>\n        \t\t<\/div>\n\t\t\t\t<\/div>\n\t\t\t\t\t\t<\/div>\n\t\t\t\t\t<\/div>\n\t\t<\/div>\n\t\t\t\t<div class=\"elementor-column elementor-col-33 elementor-top-column elementor-element elementor-element-939cebe elementor-hidden-tablet elementor-hidden-mobile\" data-id=\"939cebe\" data-element_type=\"column\">\n\t\t\t<div class=\"elementor-column-wrap\">\n\t\t\t\t\t\t\t<div class=\"elementor-widget-wrap\">\n\t\t\t\t\t\t\t\t<\/div>\n\t\t\t\t\t<\/div>\n\t\t<\/div>\n\t\t\t\t<div class=\"elementor-column elementor-col-33 elementor-top-column elementor-element elementor-element-50b7148\" data-id=\"50b7148\" data-element_type=\"column\">\n\t\t\t<div class=\"elementor-column-wrap elementor-element-populated\">\n\t\t\t\t\t\t\t<div class=\"elementor-widget-wrap\">\n\t\t\t\t\t\t<div class=\"elementor-element elementor-element-135323a elementor-widget elementor-widget-agrarium_heading\" data-id=\"135323a\" data-element_type=\"widget\" data-widget_type=\"agrarium_heading.default\">\n\t\t\t\t<div class=\"elementor-widget-container\">\n\t\t\t<div class=\"agrarium-heading-widget\"><h2 class=\"agrarium-heading\"><span class=\"agrarium-subheading\">About Us<\/span><span class=\"agrarium-heading-content\">Corporaci\u00f3n Arroz Laguna<\/span><\/h2><\/div>\t\t<\/div>\n\t\t\t\t<\/div>\n\t\t\t\t<div class=\"elementor-element elementor-element-bcd701f elementor-widget elementor-widget-text-editor\" data-id=\"bcd701f\" data-element_type=\"widget\" data-widget_type=\"text-editor.default\">\n\t\t\t\t<div class=\"elementor-widget-container\">\n\t\t\t<style>\/*! elementor - v3.6.6 - 15-06-2022 *\/\n.elementor-widget-text-editor.elementor-drop-cap-view-stacked .elementor-drop-cap{background-color:#818a91;color:#fff}.elementor-widget-text-editor.elementor-drop-cap-view-framed .elementor-drop-cap{color:#818a91;border:3px solid;background-color:transparent}.elementor-widget-text-editor:not(.elementor-drop-cap-view-default) .elementor-drop-cap{margin-top:8px}.elementor-widget-text-editor:not(.elementor-drop-cap-view-default) .elementor-drop-cap-letter{width:1em;height:1em}.elementor-widget-text-editor .elementor-drop-cap{float:left;text-align:center;line-height:1;font-size:50px}.elementor-widget-text-editor .elementor-drop-cap-letter{display:inline-block}<\/style>\t\t\t\t\t<div class=\"elementor-text-editor elementor-clearfix\">\n\t\t\t\t<p><span style=\"color: #2c2c2c;\"><strong>Corporaci\u00f3n Arroz Laguna SLR es una compa\u00f1\u00eda con muhos a\u00f1os de experiencia, la cual opera en la base de reglas estrictas. Nuestro prop\u00f3sito es constantemente luchar para proveer los productos de mas alta calidad de nuestras cultivos. Nos especializamos en cosechar arroz y cocoa.\nNuestra creencia es que los suelos f\u00e9rtiles y un clima apropiado son los factores de los cuales podemos obtener todo lo mejor<\/strong><\/span><\/p>\n<p>Nos preocupamos por el desarrollo sostenible y la protecci\u00f3n del medio ambiente. Seguimos\nestrictos lineamientos que nos permiten vivir en armon\u00eda con la naturaleza y derivados de sus\ncosechas de calidad y sabor sin precedentes.<\/p>\n<p>Nuestros cultivos y cosechas han sido apreciado por cientos de clientes por todo el mundo.<\/p>\t\t\t\t\t<\/div>\n\t\t\t\t\t\t<\/div>\n\t\t\t\t<\/div>\n\t\t\t\t\t\t<\/div>\n\t\t\t\t\t<\/div>\n\t\t<\/div>\n\t\t\t\t\t\t\t\t<\/div>\n\t\t\t\t\t<\/div>\n\t\t<\/section>\n\t\t\t\t<section class=\"elementor-section elementor-top-section elementor-element elementor-element-db659ee elementor-section-stretched elementor-section-boxed elementor-section-height-default elementor-section-height-default\" data-id=\"db659ee\" data-element_type=\"section\" data-settings=\"{&quot;stretch_section&quot;:&quot;section-stretched&quot;,&quot;background_background&quot;:&quot;classic&quot;}\">\n\t\t\t\t\t\t<div class=\"elementor-container elementor-column-gap-default\">\n\t\t\t\t\t\t\t<div class=\"elementor-row\">\n\t\t\t\t\t<div class=\"elementor-column elementor-col-100 elementor-top-column elementor-element elementor-element-d3ec4e8\" data-id=\"d3ec4e8\" data-element_type=\"column\">\n\t\t\t<div class=\"elementor-column-wrap elementor-element-populated\">\n\t\t\t\t\t\t\t<div class=\"elementor-widget-wrap\">\n\t\t\t\t\t\t<section class=\"elementor-section elementor-inner-section elementor-element elementor-element-77e2e8f elementor-section-boxed elementor-section-height-default elementor-section-height-default\" data-id=\"77e2e8f\" data-element_type=\"section\">\n\t\t\t\t\t\t<div class=\"elementor-container elementor-column-gap-no\">\n\t\t\t\t\t\t\t<div class=\"elementor-row\">\n\t\t\t\t\t<div class=\"elementor-column elementor-col-50 elementor-inner-column elementor-element elementor-element-839cac4\" data-id=\"839cac4\" data-element_type=\"column\">\n\t\t\t<div class=\"elementor-column-wrap elementor-element-populated\">\n\t\t\t\t\t\t\t<div class=\"elementor-widget-wrap\">\n\t\t\t\t\t\t<div class=\"elementor-element elementor-element-c39ea46 elementor-widget elementor-widget-agrarium_heading\" data-id=\"c39ea46\" data-element_type=\"widget\" data-widget_type=\"agrarium_heading.default\">\n\t\t\t\t<div class=\"elementor-widget-container\">\n\t\t\t<div class=\"agrarium-heading-widget\"><h2 class=\"agrarium-heading\"><span class=\"agrarium-subheading\">History<\/span><span class=\"agrarium-heading-content\">La agricultura ha estado desde 1956<\/span><\/h2><\/div>\t\t<\/div>\n\t\t\t\t<\/div>\n\t\t\t\t<div class=\"elementor-element elementor-element-58607a3 elementor-widget elementor-widget-agrarium_history_carousel\" data-id=\"58607a3\" data-element_type=\"widget\" data-widget_type=\"agrarium_history_carousel.default\">\n\t\t\t\t<div class=\"elementor-widget-container\">\n\t\t\t\n        \n        <div class=\"history-carousel-wrapper\">\n            <div class=\"history-slider-container\">\n                <div class=\"history-slider owl-carousel owl-theme\" data-slider-options=\"{&quot;items&quot;:1,&quot;autoplayHoverPause&quot;:true,&quot;autoplay&quot;:false,&quot;autoplaySpeed&quot;:300,&quot;autoplayTimeout&quot;:5000,&quot;loop&quot;:true,&quot;speed&quot;:500,&quot;dotsContainer&quot;:&quot;.owl-dots-58607a3&quot;}\">\n                    <div class=\"history-item slider-item\"><div class=\"history-year-wrapper\"><div class=\"history-year\">1997<\/div><\/div><div class=\"history-wrapper\"><h5 class=\"history-title\">El principio<\/h5><div class=\"history-text\"><p>La fertilidad del suelo, el clima ideal y la gente, esto es gracias a estos factores que fuimos\ncapaces de crear nuestra plantaci\u00f3n de arroz y cocoa. La idea naci\u00f3 de tomar ventaja de lo que\nla tierra local y la comunidad local ofrece. As\u00ed fue que se fund\u00f3 Corporaci\u00f3n Arroz Laguna SLR.<\/p><\/div><\/div><\/div><div class=\"history-item slider-item\"><div class=\"history-year-wrapper\"><div class=\"history-year\">2004<\/div><\/div><div class=\"history-wrapper\"><h5 class=\"history-title\">Desarrollo<\/h5><div class=\"history-text\"><p>Los primeros a\u00f1os de nuestro negocio envolvieron una serie de inversiones en la agricultura de \u00faltima generaci\u00f3n<\/p><\/div><\/div><\/div><div class=\"history-item slider-item\"><div class=\"history-year-wrapper\"><div class=\"history-year\">2018<\/div><\/div><div class=\"history-wrapper\"><h5 class=\"history-title\">Formaci\u00f3n de estrategia<\/h5><div class=\"history-text\"><p>La apreciaci\u00f3n de nuestros productos por nuestros clientes en todo el mundo nos presenta nuevos retos. Nosotros continuamente hacemos estudios y an\u00e1lisis para mejorar nuestra cadena de suplidores y asegurar la m\u00e1s alta calidad de nuestras cosechas. Todo basado en los principios de sostenibilidad.<\/p><\/div><\/div><\/div>                <\/div>\n            <\/div>\n            <div class=\"owl-dots owl-dots-58607a3\"><\/div>        <\/div>\n        \t\t<\/div>\n\t\t\t\t<\/div>\n\t\t\t\t\t\t<\/div>\n\t\t\t\t\t<\/div>\n\t\t<\/div>\n\t\t\t\t<div class=\"elementor-column elementor-col-50 elementor-inner-column elementor-element elementor-element-c7f2e9d\" data-id=\"c7f2e9d\" data-element_type=\"column\">\n\t\t\t<div class=\"elementor-column-wrap elementor-element-populated\">\n\t\t\t\t\t\t\t<div class=\"elementor-widget-wrap\">\n\t\t\t\t\t\t<div class=\"elementor-element elementor-element-31800fd elementor-widget__width-initial scroll-motion-no elementor-widget elementor-widget-image\" data-id=\"31800fd\" data-element_type=\"widget\" data-widget_type=\"image.default\">\n\t\t\t\t<div class=\"elementor-widget-container\">\n\t\t\t\t\t\t\t\t<div class=\"elementor-image\">\n\t\t\t\t\t\t\t\t\t\t\t\t<img decoding=\"async\" width=\"1019\" height=\"647\" src=\"https:\/\/corporacionarrozlaguna.com\/wp-content\/uploads\/2022\/05\/arroz-laguna-history-4.png\" class=\"attachment-full size-full\" alt=\"\" loading=\"lazy\" srcset=\"https:\/\/corporacionarrozlaguna.com\/wp-content\/uploads\/2022\/05\/arroz-laguna-history-4.png 1019w, https:\/\/corporacionarrozlaguna.com\/wp-content\/uploads\/2022\/05\/arroz-laguna-history-4-300x190.png 300w, https:\/\/corporacionarrozlaguna.com\/wp-content\/uploads\/2022\/05\/arroz-laguna-history-4-768x488.png 768w, https:\/\/corporacionarrozlaguna.com\/wp-content\/uploads\/2022\/05\/arroz-laguna-history-4-600x381.png 600w\" sizes=\"(max-width: 1019px) 100vw, 1019px\" \/>\t\t\t\t\t\t\t\t\t\t\t\t\t\t<\/div>\n\t\t\t\t\t\t<\/div>\n\t\t\t\t<\/div>\n\t\t\t\t\t\t<\/div>\n\t\t\t\t\t<\/div>\n\t\t<\/div>\n\t\t\t\t\t\t\t\t<\/div>\n\t\t\t\t\t<\/div>\n\t\t<\/section>\n\t\t\t\t\t\t<\/div>\n\t\t\t\t\t<\/div>\n\t\t<\/div>\n\t\t\t\t\t\t\t\t<\/div>\n\t\t\t\t\t<\/div>\n\t\t<\/section>\n\t\t\t\t\t\t\t\t\t<\/div>\n\t\t\t<\/div>\n\t\t\t\t\t<\/div>","protected":false},"excerpt":{"rendered":"<p>Corporaci\u00f3n Arroz Laguna SLR is a company with many years of experience, which operates on the basis of strict rules. Our purpose is to constantly strive to provide the highest quality products from our crops. We specialize in growing rice and&#8230;<\/p>","protected":false},"author":1,"featured_media":0,"parent":0,"menu_order":0,"comment_status":"closed","ping_status":"closed","template":"","meta":[],"_links":{"self":[{"href":"https:\/\/corporacionarrozlaguna.com\/es\/wp-json\/wp\/v2\/pages\/19661"}],"collection":[{"href":"https:\/\/corporacionarrozlaguna.com\/es\/wp-json\/wp\/v2\/pages"}],"about":[{"href":"https:\/\/corporacionarrozlaguna.com\/es\/wp-json\/wp\/v2\/types\/page"}],"author":[{"embeddable":true,"href":"https:\/\/corporacionarrozlaguna.com\/es\/wp-json\/wp\/v2\/users\/1"}],"replies":[{"embeddable":true,"href":"https:\/\/corporacionarrozlaguna.com\/es\/wp-json\/wp\/v2\/comments?post=19661"}],"version-history":[{"count":76,"href":"https:\/\/corporacionarrozlaguna.com\/es\/wp-json\/wp\/v2\/pages\/19661\/revisions"}],"predecessor-version":[{"id":19931,"href":"https:\/\/corporacionarrozlaguna.com\/es\/wp-json\/wp\/v2\/pages\/19661\/revisions\/19931"}],"wp:attachment":[{"href":"https:\/\/corporacionarrozlaguna.com\/es\/wp-json\/wp\/v2\/media?parent=19661"}],"curies":[{"name":"wp","href":"https:\/\/api.w.org\/{rel}","templated":true}]}}